{"id":4,"date":"2014-07-23T09:45:41","date_gmt":"2014-07-23T07:45:41","guid":{"rendered":"http:\/\/www1.edunet.se\/?page_id=4"},"modified":"2018-09-16T16:17:10","modified_gmt":"2018-09-16T14:17:10","slug":"start","status":"publish","type":"page","link":"https:\/\/www1.edunet.se\/","title":{"rendered":"Start"},"content":{"rendered":"<p>Educational Networks AB arbetar med IT-l\u00f6sningar och IT-konsulttj\u00e4nster. V\u00e5r specialitet \u00e4r att vi arbetar med n\u00e4tverk p\u00e5 distans och kan genom det h\u00e5lla en snabb service till en rimlig kostnad. Vi erbjuder bl. a. fasta m\u00e5nadspriser f\u00f6r underh\u00e5ll.<\/p>\n<p>Vi kan administrera valda delar eller ta totalansvar f\u00f6r ert datan\u00e4tverk &#8211; planera, installera och sk\u00f6ta driften till en l\u00e5g kostnad..<\/p>\n<p>Vi utvecklar ert datan\u00e4tverk som \u00e4r anpassat till just er IT-milj\u00f6 och budget.<br \/>\n<a href=\"http:\/\/www1.edunet.se\/?page_id=13\" target=\"_blank\" rel=\"noopener\">Kontakta oss<\/a>!<\/p>\n<p><a href=\"http:\/\/www1.edunet.se\/wp-content\/uploads\/2018\/09\/net.png\"><img decoding=\"async\" loading=\"lazy\" class=\" wp-image-116 aligncenter\" src=\"http:\/\/www1.edunet.se\/wp-content\/uploads\/2018\/09\/net.png\" alt=\"\" width=\"268\" height=\"221\" \/><\/a><\/p>\n","protected":false},"excerpt":{"rendered":"<p>Educational Networks AB arbetar med IT-l\u00f6sningar och IT-konsulttj\u00e4nster. V\u00e5r specialitet \u00e4r att vi arbetar med n\u00e4tverk p\u00e5 distans och kan genom det h\u00e5lla en snabb service till en rimlig kostnad. Vi erbjuder bl. a. fasta m\u00e5nadspriser f\u00f6r underh\u00e5ll. Vi kan administrera valda delar eller ta totalansvar f\u00f6r ert datan\u00e4tverk &#8211; planera, installera och sk\u00f6ta driften [&hellip;]<\/p>\n","protected":false},"author":1,"featured_media":0,"parent":0,"menu_order":0,"comment_status":"closed","ping_status":"closed","template":"","meta":[],"_links":{"self":[{"href":"https:\/\/www1.edunet.se\/index.php?rest_route=\/wp\/v2\/pages\/4"}],"collection":[{"href":"https:\/\/www1.edunet.se\/index.php?rest_route=\/wp\/v2\/pages"}],"about":[{"href":"https:\/\/www1.edunet.se\/index.php?rest_route=\/wp\/v2\/types\/page"}],"author":[{"embeddable":true,"href":"https:\/\/www1.edunet.se\/index.php?rest_route=\/wp\/v2\/users\/1"}],"replies":[{"embeddable":true,"href":"https:\/\/www1.edunet.se\/index.php?rest_route=%2Fwp%2Fv2%2Fcomments&post=4"}],"version-history":[{"count":12,"href":"https:\/\/www1.edunet.se\/index.php?rest_route=\/wp\/v2\/pages\/4\/revisions"}],"predecessor-version":[{"id":117,"href":"https:\/\/www1.edunet.se\/index.php?rest_route=\/wp\/v2\/pages\/4\/revisions\/117"}],"wp:attachment":[{"href":"https:\/\/www1.edunet.se\/index.php?rest_route=%2Fwp%2Fv2%2Fmedia&parent=4"}],"curies":[{"name":"wp","href":"https:\/\/api.w.org\/{rel}","templated":true}]}}